{"id":6499,"date":"2025-11-01T06:49:22","date_gmt":"2025-11-01T06:49:22","guid":{"rendered":"https:\/\/folkbooking.com\/?post_type=product&#038;p=6499"},"modified":"2026-05-05T15:15:43","modified_gmt":"2026-05-05T15:15:43","slug":"zomerfolk-zaterdag-6-juni-2026-ticket-thuisgestuurd","status":"publish","type":"product","link":"https:\/\/folkbooking.com\/de\/produkt\/zomerfolk-zaterdag-6-juni-2026-ticket-thuisgestuurd\/","title":{"rendered":"Summer Folk, Samstag, 6. Juni 2026, Eintrittskarte wird nach Hause geschickt"},"content":{"rendered":"<p>Ein wundersch\u00f6nes Ticket in Papierform, perfekt f\u00fcr Ihre Sammlung oder als Geschenk! Es ist ca. 10 x 30 cm gro\u00df und bietet auf der R\u00fcckseite viel Platz f\u00fcr eine nette Nachricht oder zum Sammeln von Autogrammen bei Zomerfolk!<\/p>","protected":false},"excerpt":{"rendered":"<p>Ein wundersch\u00f6nes Ticket in Papierform, perfekt f\u00fcr Ihre Sammlung oder als Geschenk! Es ist ca. 10 x 30 cm gro\u00df und bietet auf der R\u00fcckseite viel Platz f\u00fcr eine nette Nachricht oder zum Sammeln von Autogrammen bei Zomerfolk!<\/p>","protected":false},"featured_media":6498,"template":"","meta":{"_et_pb_use_builder":"","_et_pb_old_content":"","_et_gb_content_width":""},"product_brand":[],"product_cat":[36,25,35],"product_tag":[],"class_list":{"0":"post-6499","1":"product","2":"type-product","3":"status-publish","4":"has-post-thumbnail","6":"product_cat-opsturen","7":"product_cat-tickets","8":"product_cat-zomerfolk","10":"first","11":"instock","12":"shipping-taxable","13":"purchasable","14":"product-type-simple"},"_links":{"self":[{"href":"https:\/\/folkbooking.com\/de\/wp-json\/wp\/v2\/product\/6499","targetHints":{"allow":["GET"]}}],"collection":[{"href":"https:\/\/folkbooking.com\/de\/wp-json\/wp\/v2\/product"}],"about":[{"href":"https:\/\/folkbooking.com\/de\/wp-json\/wp\/v2\/types\/product"}],"wp:featuredmedia":[{"embeddable":true,"href":"https:\/\/folkbooking.com\/de\/wp-json\/wp\/v2\/media\/6498"}],"wp:attachment":[{"href":"https:\/\/folkbooking.com\/de\/wp-json\/wp\/v2\/media?parent=6499"}],"wp:term":[{"taxonomy":"product_brand","embeddable":true,"href":"https:\/\/folkbooking.com\/de\/wp-json\/wp\/v2\/product_brand?post=6499"},{"taxonomy":"product_cat","embeddable":true,"href":"https:\/\/folkbooking.com\/de\/wp-json\/wp\/v2\/product_cat?post=6499"},{"taxonomy":"product_tag","embeddable":true,"href":"https:\/\/folkbooking.com\/de\/wp-json\/wp\/v2\/product_tag?post=6499"}],"curies":[{"name":"wp","href":"https:\/\/api.w.org\/{rel}","templated":true}]}}