{"id":6500,"date":"2025-11-01T06:53:47","date_gmt":"2025-11-01T06:53:47","guid":{"rendered":"https:\/\/folkbooking.com\/?post_type=product&#038;p=6500"},"modified":"2026-04-23T17:22:14","modified_gmt":"2026-04-23T17:22:14","slug":"zomerfolk-zondag-7-juni-2026-ticket-thuisgestuurd","status":"publish","type":"product","link":"https:\/\/folkbooking.com\/de\/produkt\/zomerfolk-zondag-7-juni-2026-ticket-thuisgestuurd\/","title":{"rendered":"Summer Folk Sunday, 7. Juni 2026 \u2013 Eintrittskarte wurde nach Hause geschickt"},"content":{"rendered":"<p>Ein wundersch\u00f6nes Ticket in Papierform, perfekt f\u00fcr Ihre Sammlung oder als Geschenk! Es ist ca. 10 x 30 cm gro\u00df und bietet auf der R\u00fcckseite Platz f\u00fcr eine nette Nachricht oder zum Sammeln von Autogrammen bei Zomerfolk!<\/p>","protected":false},"excerpt":{"rendered":"<p>Ein wundersch\u00f6nes Ticket in Papierform, perfekt f\u00fcr Ihre Sammlung oder als Geschenk! Es ist ca. 10 x 30 cm gro\u00df und bietet auf der R\u00fcckseite Platz f\u00fcr eine nette Nachricht oder zum Sammeln von Autogrammen bei Zomerfolk!<\/p>","protected":false},"featured_media":6501,"template":"","meta":{"_et_pb_use_builder":"","_et_pb_old_content":"","_et_gb_content_width":""},"product_brand":[],"product_cat":[36,25,35],"product_tag":[],"class_list":{"0":"post-6500","1":"product","2":"type-product","3":"status-publish","4":"has-post-thumbnail","6":"product_cat-opsturen","7":"product_cat-tickets","8":"product_cat-zomerfolk","10":"first","11":"instock","12":"shipping-taxable","13":"purchasable","14":"product-type-simple"},"_links":{"self":[{"href":"https:\/\/folkbooking.com\/de\/wp-json\/wp\/v2\/product\/6500","targetHints":{"allow":["GET"]}}],"collection":[{"href":"https:\/\/folkbooking.com\/de\/wp-json\/wp\/v2\/product"}],"about":[{"href":"https:\/\/folkbooking.com\/de\/wp-json\/wp\/v2\/types\/product"}],"wp:featuredmedia":[{"embeddable":true,"href":"https:\/\/folkbooking.com\/de\/wp-json\/wp\/v2\/media\/6501"}],"wp:attachment":[{"href":"https:\/\/folkbooking.com\/de\/wp-json\/wp\/v2\/media?parent=6500"}],"wp:term":[{"taxonomy":"product_brand","embeddable":true,"href":"https:\/\/folkbooking.com\/de\/wp-json\/wp\/v2\/product_brand?post=6500"},{"taxonomy":"product_cat","embeddable":true,"href":"https:\/\/folkbooking.com\/de\/wp-json\/wp\/v2\/product_cat?post=6500"},{"taxonomy":"product_tag","embeddable":true,"href":"https:\/\/folkbooking.com\/de\/wp-json\/wp\/v2\/product_tag?post=6500"}],"curies":[{"name":"wp","href":"https:\/\/api.w.org\/{rel}","templated":true}]}}