{"id":6499,"date":"2025-11-01T06:49:22","date_gmt":"2025-11-01T06:49:22","guid":{"rendered":"https:\/\/folkbooking.com\/?post_type=product&#038;p=6499"},"modified":"2026-05-05T15:15:43","modified_gmt":"2026-05-05T15:15:43","slug":"zomerfolk-zaterdag-6-juni-2026-ticket-thuisgestuurd","status":"publish","type":"product","link":"https:\/\/folkbooking.com\/es\/producto\/zomerfolk-zaterdag-6-juni-2026-ticket-thuisgestuurd\/","title":{"rendered":"Festival de m\u00fasica folk de verano, s\u00e1bado 6 de junio de 2026. Entrada enviada a casa."},"content":{"rendered":"<p>\u00a1Una preciosa entrada f\u00edsica para a\u00f1adir a tu colecci\u00f3n o regalar! Mide aproximadamente 10 x 30 cm, y la parte posterior tiene un gran espacio para que escribas un bonito mensaje o consigas aut\u00f3grafos en Zomerfolk.<\/p>","protected":false},"excerpt":{"rendered":"<p>\u00a1Una preciosa entrada f\u00edsica para a\u00f1adir a tu colecci\u00f3n o regalar! Mide aproximadamente 10 x 30 cm, y la parte posterior tiene un gran espacio para que escribas un bonito mensaje o consigas aut\u00f3grafos en Zomerfolk.<\/p>","protected":false},"featured_media":6498,"template":"","meta":{"_et_pb_use_builder":"","_et_pb_old_content":"","_et_gb_content_width":""},"product_brand":[],"product_cat":[36,25,35],"product_tag":[],"class_list":{"0":"post-6499","1":"product","2":"type-product","3":"status-publish","4":"has-post-thumbnail","6":"product_cat-opsturen","7":"product_cat-tickets","8":"product_cat-zomerfolk","10":"first","11":"instock","12":"shipping-taxable","13":"purchasable","14":"product-type-simple"},"_links":{"self":[{"href":"https:\/\/folkbooking.com\/es\/wp-json\/wp\/v2\/product\/6499","targetHints":{"allow":["GET"]}}],"collection":[{"href":"https:\/\/folkbooking.com\/es\/wp-json\/wp\/v2\/product"}],"about":[{"href":"https:\/\/folkbooking.com\/es\/wp-json\/wp\/v2\/types\/product"}],"wp:featuredmedia":[{"embeddable":true,"href":"https:\/\/folkbooking.com\/es\/wp-json\/wp\/v2\/media\/6498"}],"wp:attachment":[{"href":"https:\/\/folkbooking.com\/es\/wp-json\/wp\/v2\/media?parent=6499"}],"wp:term":[{"taxonomy":"product_brand","embeddable":true,"href":"https:\/\/folkbooking.com\/es\/wp-json\/wp\/v2\/product_brand?post=6499"},{"taxonomy":"product_cat","embeddable":true,"href":"https:\/\/folkbooking.com\/es\/wp-json\/wp\/v2\/product_cat?post=6499"},{"taxonomy":"product_tag","embeddable":true,"href":"https:\/\/folkbooking.com\/es\/wp-json\/wp\/v2\/product_tag?post=6499"}],"curies":[{"name":"wp","href":"https:\/\/api.w.org\/{rel}","templated":true}]}}