{"id":6506,"date":"2025-11-01T07:52:21","date_gmt":"2025-11-01T07:52:21","guid":{"rendered":"https:\/\/folkbooking.com\/?post_type=product&#038;p=6506"},"modified":"2026-05-01T13:34:03","modified_gmt":"2026-05-01T13:34:03","slug":"zomerfolk-imaginarium-ticket-2026-download","status":"publish","type":"product","link":"https:\/\/folkbooking.com\/es\/producto\/zomerfolk-imaginarium-ticket-2026-download\/","title":{"rendered":"Descarga de entradas para Summer Folk &amp; Imaginarium 2026"},"content":{"rendered":"<p>\u00a1Dos festivales fant\u00e1sticos, 5 d\u00edas de m\u00fasica y entretenimiento! \u00a1Y puedes asistir por solo 15 \u20ac al d\u00eda!<\/p>","protected":false},"excerpt":{"rendered":"<p>\u00a1Dos festivales fant\u00e1sticos, 5 d\u00edas de m\u00fasica y entretenimiento! \u00a1Y puedes asistir por solo 15 \u20ac al d\u00eda!<\/p>","protected":false},"featured_media":6507,"template":"","meta":{"_et_pb_use_builder":"","_et_pb_old_content":"","_et_gb_content_width":""},"product_brand":[],"product_cat":[33,25,35],"product_tag":[],"class_list":{"0":"post-6506","1":"product","2":"type-product","3":"status-publish","4":"has-post-thumbnail","6":"product_cat-imaginarium-festival","7":"product_cat-tickets","8":"product_cat-zomerfolk","10":"first","11":"instock","12":"sale","13":"downloadable","14":"virtual","15":"purchasable","16":"product-type-simple"},"_links":{"self":[{"href":"https:\/\/folkbooking.com\/es\/wp-json\/wp\/v2\/product\/6506","targetHints":{"allow":["GET"]}}],"collection":[{"href":"https:\/\/folkbooking.com\/es\/wp-json\/wp\/v2\/product"}],"about":[{"href":"https:\/\/folkbooking.com\/es\/wp-json\/wp\/v2\/types\/product"}],"wp:featuredmedia":[{"embeddable":true,"href":"https:\/\/folkbooking.com\/es\/wp-json\/wp\/v2\/media\/6507"}],"wp:attachment":[{"href":"https:\/\/folkbooking.com\/es\/wp-json\/wp\/v2\/media?parent=6506"}],"wp:term":[{"taxonomy":"product_brand","embeddable":true,"href":"https:\/\/folkbooking.com\/es\/wp-json\/wp\/v2\/product_brand?post=6506"},{"taxonomy":"product_cat","embeddable":true,"href":"https:\/\/folkbooking.com\/es\/wp-json\/wp\/v2\/product_cat?post=6506"},{"taxonomy":"product_tag","embeddable":true,"href":"https:\/\/folkbooking.com\/es\/wp-json\/wp\/v2\/product_tag?post=6506"}],"curies":[{"name":"wp","href":"https:\/\/api.w.org\/{rel}","templated":true}]}}