{"id":6496,"date":"2025-11-01T06:43:07","date_gmt":"2025-11-01T06:43:07","guid":{"rendered":"https:\/\/folkbooking.com\/?post_type=product&#038;p=6496"},"modified":"2026-05-04T13:06:00","modified_gmt":"2026-05-04T13:06:00","slug":"zomerfolk-weekend-ticket-2026-thuisgestuurd","status":"publish","type":"product","link":"https:\/\/folkbooking.com\/fr\/produit\/zomerfolk-weekend-ticket-2026-thuisgestuurd\/","title":{"rendered":"Billet pour le week-end folk d&#039;\u00e9t\u00e9 2026 renvoy\u00e9 \u00e0 domicile"},"content":{"rendered":"<p>Un magnifique billet physique \u00e0 ajouter \u00e0 votre collection ou \u00e0 offrir en cadeau\u00a0! Il mesure environ 10 x 30\u00a0cm, et le verso offre un grand espace pour \u00e9crire un gentil message ou collectionner des autographes \u00e0 Zomerfolk\u00a0!<\/p>","protected":false},"excerpt":{"rendered":"<p>Un magnifique billet physique \u00e0 ajouter \u00e0 votre collection ou \u00e0 offrir en cadeau\u00a0! Il mesure environ 10 x 30\u00a0cm, et le verso offre un grand espace pour \u00e9crire un gentil message ou collectionner des autographes \u00e0 Zomerfolk\u00a0!<\/p>","protected":false},"featured_media":6497,"template":"","meta":{"_et_pb_use_builder":"","_et_pb_old_content":"","_et_gb_content_width":""},"product_brand":[],"product_cat":[36,25,35],"product_tag":[],"class_list":{"0":"post-6496","1":"product","2":"type-product","3":"status-publish","4":"has-post-thumbnail","6":"product_cat-opsturen","7":"product_cat-tickets","8":"product_cat-zomerfolk","10":"first","11":"instock","12":"shipping-taxable","13":"purchasable","14":"product-type-simple"},"_links":{"self":[{"href":"https:\/\/folkbooking.com\/fr\/wp-json\/wp\/v2\/product\/6496","targetHints":{"allow":["GET"]}}],"collection":[{"href":"https:\/\/folkbooking.com\/fr\/wp-json\/wp\/v2\/product"}],"about":[{"href":"https:\/\/folkbooking.com\/fr\/wp-json\/wp\/v2\/types\/product"}],"wp:featuredmedia":[{"embeddable":true,"href":"https:\/\/folkbooking.com\/fr\/wp-json\/wp\/v2\/media\/6497"}],"wp:attachment":[{"href":"https:\/\/folkbooking.com\/fr\/wp-json\/wp\/v2\/media?parent=6496"}],"wp:term":[{"taxonomy":"product_brand","embeddable":true,"href":"https:\/\/folkbooking.com\/fr\/wp-json\/wp\/v2\/product_brand?post=6496"},{"taxonomy":"product_cat","embeddable":true,"href":"https:\/\/folkbooking.com\/fr\/wp-json\/wp\/v2\/product_cat?post=6496"},{"taxonomy":"product_tag","embeddable":true,"href":"https:\/\/folkbooking.com\/fr\/wp-json\/wp\/v2\/product_tag?post=6496"}],"curies":[{"name":"wp","href":"https:\/\/api.w.org\/{rel}","templated":true}]}}